{"id":17,"date":"2026-03-01T20:50:47","date_gmt":"2026-03-01T20:50:47","guid":{"rendered":"https:\/\/fransponderosa.com\/faq\/"},"modified":"2026-03-08T13:05:34","modified_gmt":"2026-03-08T13:05:34","slug":"faq","status":"publish","type":"page","link":"https:\/\/fransponderosa.com\/es\/faq\/","title":{"rendered":"FAQ"},"content":{"rendered":"<div class=\"wp-block-group alignfull is-style-ext-preset--group--natural-1--section has-background-background-color has-background has-global-padding is-layout-constrained wp-container-core-group-is-layout-e955bbaf wp-block-group-is-layout-constrained\" id=\"h\u00e4ufig-gestellte-fragen\" style=\"margin-top:0;margin-bottom:0;padding-top:var(--wp--preset--spacing--70);padding-bottom:var(--wp--preset--spacing--70)\">\n<div class=\"wp-block-group alignwide ext-is-logical-start has-global-padding is-content-justification-left is-layout-constrained wp-container-core-group-is-layout-20186816 wp-block-group-is-layout-constrained\">\n<h2 class=\"wp-block-heading ext-animate--on\">Experiencias inolvidables montando a caballo en un entorno natural id\u00edlico<\/h2>\n\n\n\n<p class=\"ext-animate--on\">Aqu\u00ed encontrar\u00e1 respuestas a las preguntas m\u00e1s frecuentes, para que pueda obtener r\u00e1pidamente toda la informaci\u00f3n importante.<\/p>\n<\/div>\n\n\n\n<div class=\"wp-block-columns alignwide is-layout-flex wp-container-core-columns-is-layout-967d05ff wp-block-columns-is-layout-flex\" style=\"margin-top:var(--wp--preset--spacing--40)\">\n<div class=\"wp-block-column ext-animate--on is-layout-flow wp-container-core-column-is-layout-119bc444 wp-block-column-is-layout-flow\">\n<div class=\"wp-block-group is-style-ext-preset--group--natural-1--item-card-1--align-start has-global-padding is-layout-constrained wp-block-group-is-layout-constrained is-style-ext-preset--group--natural-1--item-card-1--align-start--2\">\n<div class=\"wp-block-group is-style-default has-global-padding is-layout-constrained wp-block-group-is-layout-constrained\">\n<h3 class=\"wp-block-heading\">\u00bfQu\u00e9 debo llevar puesto?<\/h3>\n\n\n\n<p>Si no tienes ropa espec\u00edfica para montar en moto, ponte pantalones largos c\u00f3modos y calzado cerrado.<\/p>\n<\/div>\n<\/div>\n<\/div>\n\n\n\n<div class=\"wp-block-column ext-animate--on is-layout-flow wp-container-core-column-is-layout-119bc444 wp-block-column-is-layout-flow\">\n<div class=\"wp-block-group is-style-ext-preset--group--natural-1--item-card-1--align-start has-global-padding is-layout-constrained wp-block-group-is-layout-constrained is-style-ext-preset--group--natural-1--item-card-1--align-start--3\">\n<div class=\"wp-block-group is-style-default has-global-padding is-layout-constrained wp-block-group-is-layout-constrained\">\n<h3 class=\"wp-block-heading\">\u00bfNecesito experiencia previa para empezar a montar a caballo?<\/h3>\n\n\n\n<p>No, solo tienes que informarnos de tu experiencia previa o si no tienes ninguna.<br>Te asignaremos un caballo adecuado y te guiaremos desde all\u00ed.<\/p>\n<\/div>\n<\/div>\n<\/div>\n<\/div>\n\n\n\n<div class=\"wp-block-columns alignwide ext-animate--on is-layout-flex wp-container-core-columns-is-layout-967d05ff wp-block-columns-is-layout-flex\" style=\"margin-top:var(--wp--preset--spacing--40)\">\n<div class=\"wp-block-column ext-animate--on is-layout-flow wp-container-core-column-is-layout-119bc444 wp-block-column-is-layout-flow\">\n<div class=\"wp-block-group is-style-ext-preset--group--natural-1--item-card-1--align-start ext-animate--on has-global-padding is-layout-constrained wp-block-group-is-layout-constrained is-style-ext-preset--group--natural-1--item-card-1--align-start--4\">\n<div class=\"wp-block-group is-style-default ext-animate--on has-global-padding is-layout-constrained wp-block-group-is-layout-constrained\">\n<h3 class=\"wp-block-heading ext-animate--on\">\u00bfSe proporcionan cascos y equipo de seguridad?<\/h3>\n\n\n\n<p class=\"ext-animate--on\">\u00a1S\u00ed! Proporcionamos cascos de equitaci\u00f3n sin cargo alguno.<\/p>\n<\/div>\n<\/div>\n<\/div>\n\n\n\n<div class=\"wp-block-column ext-animate--on is-layout-flow wp-container-core-column-is-layout-119bc444 wp-block-column-is-layout-flow\">\n<div class=\"wp-block-group is-style-ext-preset--group--natural-1--item-card-1--align-start ext-animate--on has-global-padding is-layout-constrained wp-block-group-is-layout-constrained is-style-ext-preset--group--natural-1--item-card-1--align-start--5\">\n<div class=\"wp-block-group is-style-default ext-animate--on has-global-padding is-layout-constrained wp-block-group-is-layout-constrained\">\n<h3 class=\"wp-block-heading ext-animate--on\">\u00bfC\u00f3mo puedo reservar una clase de equitaci\u00f3n?<\/h3>\n\n\n\n<p class=\"ext-animate--on\">Puedes ponerte en contacto con nosotros a trav\u00e9s de info@fransponderosa.com o enviarnos un mensaje de WhatsApp al +34 616682612.<\/p>\n<\/div>\n<\/div>\n<\/div>\n<\/div>\n\n\n\n<div class=\"wp-block-columns alignwide ext-animate--on is-layout-flex wp-container-core-columns-is-layout-967d05ff wp-block-columns-is-layout-flex\" style=\"margin-top:var(--wp--preset--spacing--40)\">\n<div class=\"wp-block-column ext-animate--on is-layout-flow wp-container-core-column-is-layout-119bc444 wp-block-column-is-layout-flow\">\n<div class=\"wp-block-group is-style-ext-preset--group--natural-1--item-card-1--align-start ext-animate--on has-global-padding is-layout-constrained wp-block-group-is-layout-constrained is-style-ext-preset--group--natural-1--item-card-1--align-start--6\">\n<div class=\"wp-block-group is-style-default ext-animate--on has-global-padding is-layout-constrained wp-block-group-is-layout-constrained\">\n<h3 class=\"wp-block-heading ext-animate--on\">\u00bfA qu\u00e9 edad pueden los ni\u00f1os empezar a recibir clases de equitaci\u00f3n?<\/h3>\n\n\n\n<p class=\"ext-animate--on\">Los ni\u00f1os pueden recibir clases con nosotros a partir de los 5 a\u00f1os.<br>Para los m\u00e1s peque\u00f1os, ofrecemos paseos en poni con riendas.<\/p>\n<\/div>\n<\/div>\n<\/div>\n\n\n\n<div class=\"wp-block-column ext-animate--on is-layout-flow wp-container-core-column-is-layout-119bc444 wp-block-column-is-layout-flow\">\n<div class=\"wp-block-group is-style-ext-preset--group--natural-1--item-card-1--align-start ext-animate--on has-global-padding is-layout-constrained wp-block-group-is-layout-constrained is-style-ext-preset--group--natural-1--item-card-1--align-start--7\">\n<div class=\"wp-block-group is-style-default ext-animate--on has-global-padding is-layout-constrained wp-block-group-is-layout-constrained\">\n<h3 class=\"wp-block-heading ext-animate--on\">\u00bfCu\u00e1nto dura cada clase de equitaci\u00f3n y qu\u00e9 incluye?<\/h3>\n\n\n\n<p class=\"ext-animate--on\">Cada clase dura una hora y consiste en preparar al caballo, montarlo y cuidarlo despu\u00e9s.<br>De esta manera, aprender\u00e1s muchos aspectos del cuidado de los caballos, su bienestar y su comportamiento.<\/p>\n<\/div>\n<\/div>\n<\/div>\n<\/div>\n\n\n\n<div class=\"wp-block-columns alignwide ext-animate--on is-layout-flex wp-container-core-columns-is-layout-967d05ff wp-block-columns-is-layout-flex\" style=\"margin-top:var(--wp--preset--spacing--40)\">\n<div class=\"wp-block-column ext-animate--on is-layout-flow wp-container-core-column-is-layout-119bc444 wp-block-column-is-layout-flow\">\n<div class=\"wp-block-group is-style-ext-preset--group--natural-1--item-card-1--align-start ext-animate--on has-global-padding is-layout-constrained wp-block-group-is-layout-constrained is-style-ext-preset--group--natural-1--item-card-1--align-start--8\">\n<div class=\"wp-block-group is-style-default ext-animate--on has-global-padding is-layout-constrained wp-block-group-is-layout-constrained\">\n<h3 class=\"wp-block-heading ext-animate--on\">\u00bfSe ofrecen clases grupales y privadas?<\/h3>\n\n\n\n<p class=\"ext-animate--on\">En general, creemos que las clases privadas son la mejor forma de aprender.<br>Sin embargo, si desea montar junto con un amigo o familiar, podemos hablarlo.<br>Adem\u00e1s, si prefiere un grupo peque\u00f1o, podemos ver si hay otros jinetes con un nivel de experiencia similar.<\/p>\n<\/div>\n<\/div>\n<\/div>\n\n\n\n<div class=\"wp-block-column ext-animate--on is-layout-flow wp-container-core-column-is-layout-119bc444 wp-block-column-is-layout-flow\">\n<div class=\"wp-block-group is-style-ext-preset--group--natural-1--item-card-1--align-start ext-animate--on has-global-padding is-layout-constrained wp-block-group-is-layout-constrained is-style-ext-preset--group--natural-1--item-card-1--align-start--9\">\n<div class=\"wp-block-group is-style-default ext-animate--on has-global-padding is-layout-constrained wp-block-group-is-layout-constrained\">\n<h3 class=\"wp-block-heading ext-animate--on\">\u00bfOfrec\u00e9is paquetes o descuentos por varias clases?<\/h3>\n\n\n\n<p class=\"ext-animate--on\">\u00a1S\u00ed, claro!<\/p>\n\n\n\n<p class=\"ext-animate--on\">\u00a1Ven a vernos para una clase o paseo de prueba y te explicaremos todas las opciones!<\/p>\n<\/div>\n<\/div>\n<\/div>\n<\/div>\n\n\n\n<div class=\"wp-block-columns alignwide ext-animate--on is-layout-flex wp-container-core-columns-is-layout-967d05ff wp-block-columns-is-layout-flex\" style=\"margin-top:var(--wp--preset--spacing--40)\">\n<div class=\"wp-block-column ext-animate--on is-layout-flow wp-container-core-column-is-layout-119bc444 wp-block-column-is-layout-flow\">\n<div class=\"wp-block-group is-style-ext-preset--group--natural-1--item-card-1--align-start ext-animate--on has-global-padding is-layout-constrained wp-block-group-is-layout-constrained is-style-ext-preset--group--natural-1--item-card-1--align-start--10\">\n<div class=\"wp-block-group is-style-default ext-animate--on has-global-padding is-layout-constrained wp-block-group-is-layout-constrained\">\n<h3 class=\"wp-block-heading ext-animate--on\">\u00bfCu\u00e1l es su pol\u00edtica de cancelaci\u00f3n o reprogramaci\u00f3n?<\/h3>\n\n\n\n<p class=\"ext-animate--on\">Las clases o los paseos pueden ser cancelados o reprogramados por usted o por nosotros si las condiciones meteorol\u00f3gicas u otras circunstancias impiden realizar el paseo de forma segura y agradable.<br>Cualquier cancelaci\u00f3n por parte de nuestros clientes debe realizarse al menos 48 horas antes del paseo.<\/p>\n<\/div>\n<\/div>\n<\/div>\n<\/div>\n<\/div>","protected":false},"excerpt":{"rendered":"<p>Unforgettable riding experiences in idyllic nature Here you will find answers to frequently asked questions, so that you can quickly get all the important information. What should I wear? If you don\u2019t own riding gear, please wear long, comfortable trousers and closed footwear. Do I need prior experience to start horseback riding? No, you just [&hellip;]<\/p>\n","protected":false},"author":1,"featured_media":0,"parent":0,"menu_order":0,"comment_status":"closed","ping_status":"closed","template":"page-with-title","meta":{"footnotes":""},"class_list":["post-17","page","type-page","status-publish","hentry"],"aioseo_notices":[],"_links":{"self":[{"href":"https:\/\/fransponderosa.com\/es\/wp-json\/wp\/v2\/pages\/17","targetHints":{"allow":["GET"]}}],"collection":[{"href":"https:\/\/fransponderosa.com\/es\/wp-json\/wp\/v2\/pages"}],"about":[{"href":"https:\/\/fransponderosa.com\/es\/wp-json\/wp\/v2\/types\/page"}],"author":[{"embeddable":true,"href":"https:\/\/fransponderosa.com\/es\/wp-json\/wp\/v2\/users\/1"}],"replies":[{"embeddable":true,"href":"https:\/\/fransponderosa.com\/es\/wp-json\/wp\/v2\/comments?post=17"}],"version-history":[{"count":4,"href":"https:\/\/fransponderosa.com\/es\/wp-json\/wp\/v2\/pages\/17\/revisions"}],"predecessor-version":[{"id":142,"href":"https:\/\/fransponderosa.com\/es\/wp-json\/wp\/v2\/pages\/17\/revisions\/142"}],"wp:attachment":[{"href":"https:\/\/fransponderosa.com\/es\/wp-json\/wp\/v2\/media?parent=17"}],"curies":[{"name":"wp","href":"https:\/\/api.w.org\/{rel}","templated":true}]}}