{"id":18,"date":"2026-03-01T20:50:47","date_gmt":"2026-03-01T20:50:47","guid":{"rendered":"https:\/\/fransponderosa.com\/ueber\/"},"modified":"2026-03-01T22:04:56","modified_gmt":"2026-03-01T22:04:56","slug":"ueber","status":"publish","type":"page","link":"https:\/\/fransponderosa.com\/es\/ueber\/","title":{"rendered":"Qui\u00e9nes somos"},"content":{"rendered":"<div class=\"wp-block-group alignfull is-style-ext-preset--group--natural-1--section has-background-background-color has-background has-global-padding is-layout-constrained wp-block-group-is-layout-constrained\" id=\"ueber-uns\" style=\"margin-top:0;margin-bottom:0;padding-top:var(--wp--preset--spacing--70);padding-bottom:var(--wp--preset--spacing--70)\">\n<div class=\"wp-block-columns alignwide are-vertically-aligned-center is-layout-flex wp-container-core-columns-is-layout-174606dc wp-block-columns-is-layout-flex\">\n<div class=\"wp-block-column is-vertically-aligned-center is-layout-flow wp-block-column-is-layout-flow\">\n<figure class=\"wp-block-image size-large is-style-ext-preset--image--natural-1--image-1--content-right ext-animate--on is-style-ext-preset--image--natural-1--image-1--content-right--2\"><img loading=\"lazy\" decoding=\"async\" width=\"705\" height=\"1024\" src=\"https:\/\/fransponderosa.com\/wp-content\/uploads\/2026\/03\/Photo-18-12-25-20-06-50-705x1024.jpg\" alt=\"\" class=\"wp-image-56\" style=\"aspect-ratio:1;object-fit:cover\" srcset=\"https:\/\/fransponderosa.com\/wp-content\/uploads\/2026\/03\/Photo-18-12-25-20-06-50-705x1024.jpg 705w, https:\/\/fransponderosa.com\/wp-content\/uploads\/2026\/03\/Photo-18-12-25-20-06-50-207x300.jpg 207w, https:\/\/fransponderosa.com\/wp-content\/uploads\/2026\/03\/Photo-18-12-25-20-06-50-768x1115.jpg 768w, https:\/\/fransponderosa.com\/wp-content\/uploads\/2026\/03\/Photo-18-12-25-20-06-50-1058x1536.jpg 1058w, https:\/\/fransponderosa.com\/wp-content\/uploads\/2026\/03\/Photo-18-12-25-20-06-50-1411x2048.jpg 1411w, https:\/\/fransponderosa.com\/wp-content\/uploads\/2026\/03\/Photo-18-12-25-20-06-50-8x12.jpg 8w, https:\/\/fransponderosa.com\/wp-content\/uploads\/2026\/03\/Photo-18-12-25-20-06-50.jpg 1627w\" sizes=\"auto, (max-width: 705px) 100vw, 705px\" \/><\/figure>\n<\/div>\n\n\n\n<div class=\"wp-block-column is-vertically-aligned-center is-layout-flow wp-block-column-is-layout-flow\">\n<h2 class=\"wp-block-heading ext-animate--on\">\u00a1Hola, soy Fran!<\/h2>\n\n\n\n<p class=\"ext-animate--on\" style=\"margin-top:1.5rem\">Los caballos son mi pasi\u00f3n desde siempre y me acompa\u00f1an desde hace m\u00e1s de 35 a\u00f1os.<\/p>\n\n\n\n<p class=\"ext-animate--on\">Mi experiencia profesional se centra en la educaci\u00f3n, con especializaci\u00f3n en deportes, naturaleza, idiomas y desarrollo f\u00edsico y mental.<\/p>\n\n\n\n<p class=\"ext-animate--on\">En el pasado, he colaborado en equitaci\u00f3n terap\u00e9utica y he trabajado en programas de vacaciones ecuestres y granjas juveniles en mi pa\u00eds natal, Alemania.<\/p>\n\n\n\n<p class=\"ext-animate--on\">M\u00e1s tarde, me mud\u00e9 a Londres, Reino Unido, donde trabaj\u00e9 en los famosos Hyde Park Stables, adem\u00e1s de hacer voluntariado en otros centros ecuestres.<br>En Londres complet\u00e9 mi Certificado Nacional de Cualificaci\u00f3n Profesional (NVQ) de nivel 2 en Cuidado de Caballos y Gesti\u00f3n de Cuadras.<\/p>\n\n\n\n<p class=\"ext-animate--on\">Me mud\u00e9 a Espa\u00f1a a finales de 2013 y continu\u00e9 con mi pasi\u00f3n, trabajando para unos establos locales y, m\u00e1s tarde, creando mi peque\u00f1o proyecto desde cero, empezando con solo unas pocas clases.<br>Me siento muy privilegiada y afortunada por haber conocido a mucha gente encantadora, nuevos amigos y clientes, que son la raz\u00f3n por la que estoy aqu\u00ed hoy.<\/p>\n\n\n\n<p class=\"ext-animate--on\" style=\"margin-top:1.5rem\">Fran's Ponderosa Ranch se cre\u00f3 para ofrecer un lugar que generara una verdadera conexi\u00f3n entre los seres humanos y los caballos.<\/p>\n<\/div>\n<\/div>\n<\/div>","protected":false},"excerpt":{"rendered":"<p>Hi, I am Fran! Horses are a lifelong passion of mine and have accompanied me for now over 35 years. My professional background lies in education, with specializations in sports, nature, language, physical and mental development. In the past, I have assisted with therapeutic riding, and worked at riding holiday programmes and youth farms in [&hellip;]<\/p>\n","protected":false},"author":1,"featured_media":0,"parent":0,"menu_order":0,"comment_status":"closed","ping_status":"closed","template":"page-with-title","meta":{"footnotes":""},"class_list":["post-18","page","type-page","status-publish","hentry"],"aioseo_notices":[],"_links":{"self":[{"href":"https:\/\/fransponderosa.com\/es\/wp-json\/wp\/v2\/pages\/18","targetHints":{"allow":["GET"]}}],"collection":[{"href":"https:\/\/fransponderosa.com\/es\/wp-json\/wp\/v2\/pages"}],"about":[{"href":"https:\/\/fransponderosa.com\/es\/wp-json\/wp\/v2\/types\/page"}],"author":[{"embeddable":true,"href":"https:\/\/fransponderosa.com\/es\/wp-json\/wp\/v2\/users\/1"}],"replies":[{"embeddable":true,"href":"https:\/\/fransponderosa.com\/es\/wp-json\/wp\/v2\/comments?post=18"}],"version-history":[{"count":3,"href":"https:\/\/fransponderosa.com\/es\/wp-json\/wp\/v2\/pages\/18\/revisions"}],"predecessor-version":[{"id":78,"href":"https:\/\/fransponderosa.com\/es\/wp-json\/wp\/v2\/pages\/18\/revisions\/78"}],"wp:attachment":[{"href":"https:\/\/fransponderosa.com\/es\/wp-json\/wp\/v2\/media?parent=18"}],"curies":[{"name":"wp","href":"https:\/\/api.w.org\/{rel}","templated":true}]}}