{"id":21,"date":"2026-03-01T20:50:48","date_gmt":"2026-03-01T20:50:48","guid":{"rendered":"https:\/\/fransponderosa.com\/dienstleistungen\/"},"modified":"2026-03-08T13:00:22","modified_gmt":"2026-03-08T13:00:22","slug":"dienstleistungen","status":"publish","type":"page","link":"https:\/\/fransponderosa.com\/es\/dienstleistungen\/","title":{"rendered":"Servicios"},"content":{"rendered":"<div class=\"wp-block-group alignfull is-style-ext-preset--group--natural-1--section has-background-background-color has-background has-global-padding is-layout-constrained wp-container-core-group-is-layout-e955bbaf wp-block-group-is-layout-constrained\" id=\"dienstleistungen\" style=\"margin-top:0;margin-bottom:0;padding-top:var(--wp--preset--spacing--70);padding-bottom:var(--wp--preset--spacing--70)\">\n<h2 class=\"wp-block-heading has-text-align-center ext-animate--on\">Vive aventuras inolvidables a caballo en el rancho Ponderosa.<\/h2>\n\n\n\n<p class=\"has-text-align-center ext-animate--on\" style=\"margin-top:1.5rem\">Descubra nuestras diversas ofertas de equitaci\u00f3n y vacaciones, que le garantizan una experiencia perfecta con pasi\u00f3n y calidad.<\/p>\n\n\n\n<div class=\"wp-block-columns alignwide is-layout-flex wp-container-core-columns-is-layout-08c01c1c wp-block-columns-is-layout-flex\">\n<div class=\"wp-block-column ext-animate--on is-layout-flow wp-block-column-is-layout-flow\">\n<div class=\"wp-block-group is-style-ext-preset--group--natural-1--item-card-1--align-center has-global-padding is-layout-constrained wp-block-group-is-layout-constrained is-style-ext-preset--group--natural-1--item-card-1--align-center--2\">\n<figure class=\"wp-block-image size-full\"><img loading=\"lazy\" decoding=\"async\" width=\"1024\" height=\"782\" src=\"https:\/\/fransponderosa.com\/wp-content\/uploads\/2026\/03\/Photo-30-12-25-23-56-32-1.jpg\" alt=\"\" class=\"wp-image-59\" style=\"aspect-ratio:4\/3;object-fit:cover\" srcset=\"https:\/\/fransponderosa.com\/wp-content\/uploads\/2026\/03\/Photo-30-12-25-23-56-32-1.jpg 1024w, https:\/\/fransponderosa.com\/wp-content\/uploads\/2026\/03\/Photo-30-12-25-23-56-32-1-300x229.jpg 300w, https:\/\/fransponderosa.com\/wp-content\/uploads\/2026\/03\/Photo-30-12-25-23-56-32-1-768x587.jpg 768w, https:\/\/fransponderosa.com\/wp-content\/uploads\/2026\/03\/Photo-30-12-25-23-56-32-1-16x12.jpg 16w\" sizes=\"auto, (max-width: 1024px) 100vw, 1024px\" \/><\/figure>\n\n\n\n<div class=\"wp-block-group is-style-default has-global-padding is-layout-constrained wp-block-group-is-layout-constrained\">\n<h3 class=\"wp-block-heading has-text-align-center\">Clases de equitaci\u00f3n<\/h3>\n\n\n\n<p class=\"has-text-align-center\">Ofrecemos clases de equitaci\u00f3n para ni\u00f1os y adultos, a partir de los 5 a\u00f1os.<br>Las clases particulares est\u00e1n dise\u00f1adas para crear un m\u00e9todo de aprendizaje seguro, divertido y centrado, en un entorno individualizado.<\/p>\n\n\n\n<p class=\"ext-animate--on\">Entre la equitaci\u00f3n natural y el entrenamiento cl\u00e1sico, siempre buscamos el enfoque m\u00e1s adecuado para cada caballo, jinete y situaci\u00f3n<\/p>\n\n\n\n<p class=\"has-text-align-center ext-animate--on\">Creemos que el aprendizaje debe ser divertido y atractivo, empujando suavemente fuera de la zona de confort, pero manteniendo la sensaci\u00f3n de confianza y equilibrio.<\/p>\n<\/div>\n<\/div>\n<\/div>\n\n\n\n<div class=\"wp-block-column ext-animate--on is-layout-flow wp-block-column-is-layout-flow\">\n<div class=\"wp-block-group is-style-ext-preset--group--natural-1--item-card-1--align-center has-global-padding is-layout-constrained wp-block-group-is-layout-constrained is-style-ext-preset--group--natural-1--item-card-1--align-center--3\">\n<figure class=\"wp-block-image size-large\"><img loading=\"lazy\" decoding=\"async\" width=\"768\" height=\"1024\" src=\"https:\/\/fransponderosa.com\/wp-content\/uploads\/2026\/03\/Photo-19-4-25-17-33-40-768x1024.jpg\" alt=\"\" class=\"wp-image-60\" style=\"aspect-ratio:4\/3;object-fit:cover\" srcset=\"https:\/\/fransponderosa.com\/wp-content\/uploads\/2026\/03\/Photo-19-4-25-17-33-40-768x1024.jpg 768w, https:\/\/fransponderosa.com\/wp-content\/uploads\/2026\/03\/Photo-19-4-25-17-33-40-225x300.jpg 225w, https:\/\/fransponderosa.com\/wp-content\/uploads\/2026\/03\/Photo-19-4-25-17-33-40-1152x1536.jpg 1152w, https:\/\/fransponderosa.com\/wp-content\/uploads\/2026\/03\/Photo-19-4-25-17-33-40-1536x2048.jpg 1536w, https:\/\/fransponderosa.com\/wp-content\/uploads\/2026\/03\/Photo-19-4-25-17-33-40-9x12.jpg 9w, https:\/\/fransponderosa.com\/wp-content\/uploads\/2026\/03\/Photo-19-4-25-17-33-40-scaled.jpg 1920w\" sizes=\"auto, (max-width: 768px) 100vw, 768px\" \/><\/figure>\n\n\n\n<div class=\"wp-block-group is-style-default has-global-padding is-layout-constrained wp-block-group-is-layout-constrained\">\n<h3 class=\"wp-block-heading has-text-align-center\">Paseos a caballo<\/h3>\n\n\n\n<p class=\"has-text-align-center\">Nuestros paseos a caballo por las hermosas colinas, vi\u00f1edos y bosques de la regi\u00f3n vin\u00edcola del Pened\u00e8s son una forma maravillosa de disfrutar de la naturaleza montando a caballo.<\/p>\n\n\n\n<p class=\"ext-animate--on\">Ofrecemos paseos a caballo para todos los niveles de experiencia, a partir de los 7 a\u00f1os.<br>Contamos con caballos muy tranquilos, aptos para principiantes, que cuidar\u00e1n de usted, as\u00ed como con otros m\u00e1s deportivos para jinetes avanzados.<\/p>\n\n\n\n<p class=\"has-text-align-center ext-animate--on\">Todos los paseos a caballo son guiados.<\/p>\n<\/div>\n<\/div>\n<\/div>\n<\/div>\n\n\n\n<div class=\"wp-block-columns alignwide ext-animate--on is-layout-flex wp-container-core-columns-is-layout-08c01c1c wp-block-columns-is-layout-flex\">\n<div class=\"wp-block-column ext-animate--on is-layout-flow wp-block-column-is-layout-flow\">\n<div class=\"wp-block-group is-style-ext-preset--group--natural-1--item-card-1--align-center ext-animate--on has-global-padding is-layout-constrained wp-block-group-is-layout-constrained is-style-ext-preset--group--natural-1--item-card-1--align-center--4\">\n<figure class=\"wp-block-image size-large ext-animate--on\"><img loading=\"lazy\" decoding=\"async\" width=\"768\" height=\"1024\" src=\"https:\/\/fransponderosa.com\/wp-content\/uploads\/2026\/03\/Photo-11-12-25-13-51-51-1-768x1024.jpg\" alt=\"\" class=\"wp-image-108\" style=\"aspect-ratio:4\/3;object-fit:cover\" srcset=\"https:\/\/fransponderosa.com\/wp-content\/uploads\/2026\/03\/Photo-11-12-25-13-51-51-1-768x1024.jpg 768w, https:\/\/fransponderosa.com\/wp-content\/uploads\/2026\/03\/Photo-11-12-25-13-51-51-1-225x300.jpg 225w, https:\/\/fransponderosa.com\/wp-content\/uploads\/2026\/03\/Photo-11-12-25-13-51-51-1-1152x1536.jpg 1152w, https:\/\/fransponderosa.com\/wp-content\/uploads\/2026\/03\/Photo-11-12-25-13-51-51-1-9x12.jpg 9w, https:\/\/fransponderosa.com\/wp-content\/uploads\/2026\/03\/Photo-11-12-25-13-51-51-1.jpg 1536w\" sizes=\"auto, (max-width: 768px) 100vw, 768px\" \/><\/figure>\n\n\n\n<div class=\"wp-block-group is-style-default ext-animate--on has-global-padding is-layout-constrained wp-block-group-is-layout-constrained\">\n<h3 class=\"wp-block-heading has-text-align-center ext-animate--on\">Caballos y vino en la regi\u00f3n vin\u00edcola del Pened\u00e8s<\/h3>\n\n\n\n<p class=\"has-text-align-center ext-animate--on\">Organizamos excursiones a caballo por los vi\u00f1edos a la cercana bodega ecol\u00f3gica Finca Viladellops. <\/p>\n\n\n\n<p class=\"ext-animate--on\">Disfrute de un paseo a caballo por nuestra hermosa campi\u00f1a, entre vi\u00f1edos y bosques, y del\u00e9itese con algunos de los mejores vinos ecol\u00f3gicos de nuestra regi\u00f3n. <\/p>\n\n\n\n<p class=\"has-text-align-center ext-animate--on\"><\/p>\n<\/div>\n<\/div>\n<\/div>\n\n\n\n<div class=\"wp-block-column ext-animate--on is-layout-flow wp-block-column-is-layout-flow\">\n<div class=\"wp-block-group is-style-ext-preset--group--natural-1--item-card-1--align-center ext-animate--on has-global-padding is-layout-constrained wp-block-group-is-layout-constrained is-style-ext-preset--group--natural-1--item-card-1--align-center--5\">\n<figure class=\"wp-block-image size-full ext-animate--on\"><img loading=\"lazy\" decoding=\"async\" width=\"2281\" height=\"2329\" src=\"https:\/\/fransponderosa.com\/wp-content\/uploads\/2026\/03\/Photo-23-8-19-19-36-14.jpg\" alt=\"\" class=\"wp-image-67\" style=\"aspect-ratio:4\/3;object-fit:cover\"\/><\/figure>\n\n\n\n<div class=\"wp-block-group is-style-default ext-animate--on has-global-padding is-layout-constrained wp-block-group-is-layout-constrained\">\n<h3 class=\"wp-block-heading has-text-align-center ext-animate--on\">Vacaciones a caballo<\/h3>\n\n\n\n<p class=\"has-text-align-center ext-animate--on\">Para nuestro programa de vacaciones a caballo, colaboramos con una amplia gama de proveedores de alojamiento locales, desde los m\u00e1s r\u00fasticos hasta los m\u00e1s lujosos.<\/p>\n\n\n\n<p class=\"ext-animate--on\">En cuanto a su programa de equitaci\u00f3n, tambi\u00e9n somos muy flexibles.<br>Aunque principalmente ofrecemos vacaciones de rutas a caballo, tambi\u00e9n podemos proporcionar:<br>-Clases para recuperar el equilibrio y la confianza.<br>-Clases de nivel intermedio, incluyendo doma y peque\u00f1os saltos.<br>-Clases avanzadas con nuestros caballos espa\u00f1oles de escuela.<br>-Cursos intensivos personalizados.<br>-Clases sobre el cuidado de los caballos, trabajo en tierra y doma natural.<br>-Volteo, juegos con ponis, etc.<\/p>\n\n\n\n<p class=\"ext-animate--on\">Esto nos permite ofrecer experiencias vacacionales verdaderamente personalizadas y a medida.<\/p>\n\n\n\n<p class=\"has-text-align-center ext-animate--on\">\u00bfC\u00f3mo funciona?<br>\u00a1Cu\u00e9ntenos sus sue\u00f1os, planes y presupuesto y crearemos juntos las vacaciones ideales!<\/p>\n<\/div>\n<\/div>\n<\/div>\n<\/div>\n<\/div>","protected":false},"excerpt":{"rendered":"<p>Experience unforgettable horseback riding adventures at Ponderosa Ranch Discover our diverse riding and holiday offers, which ensure your perfect experience with passion and quality. Riding Lessons We offer riding lessons for kids and adults, from 5 years of age.The private lessons are designed to create a safe, fun, focused way of learning, in a one-on-one [&hellip;]<\/p>\n","protected":false},"author":1,"featured_media":0,"parent":0,"menu_order":0,"comment_status":"closed","ping_status":"closed","template":"page-with-title","meta":{"footnotes":""},"class_list":["post-21","page","type-page","status-publish","hentry"],"aioseo_notices":[],"_links":{"self":[{"href":"https:\/\/fransponderosa.com\/es\/wp-json\/wp\/v2\/pages\/21","targetHints":{"allow":["GET"]}}],"collection":[{"href":"https:\/\/fransponderosa.com\/es\/wp-json\/wp\/v2\/pages"}],"about":[{"href":"https:\/\/fransponderosa.com\/es\/wp-json\/wp\/v2\/types\/page"}],"author":[{"embeddable":true,"href":"https:\/\/fransponderosa.com\/es\/wp-json\/wp\/v2\/users\/1"}],"replies":[{"embeddable":true,"href":"https:\/\/fransponderosa.com\/es\/wp-json\/wp\/v2\/comments?post=21"}],"version-history":[{"count":6,"href":"https:\/\/fransponderosa.com\/es\/wp-json\/wp\/v2\/pages\/21\/revisions"}],"predecessor-version":[{"id":141,"href":"https:\/\/fransponderosa.com\/es\/wp-json\/wp\/v2\/pages\/21\/revisions\/141"}],"wp:attachment":[{"href":"https:\/\/fransponderosa.com\/es\/wp-json\/wp\/v2\/media?parent=21"}],"curies":[{"name":"wp","href":"https:\/\/api.w.org\/{rel}","templated":true}]}}